{"id":8612,"date":"2025-11-24T09:27:33","date_gmt":"2025-11-24T09:27:33","guid":{"rendered":"https:\/\/cracpatrimoni.com\/producte\/presentacio-de-lestudi-quantitatiu-de-socies-per-al-pla-estrategic-crac-2026-2030\/"},"modified":"2025-12-02T09:11:48","modified_gmt":"2025-12-02T09:11:48","slug":"presentacio-de-lestudi-quantitatiu-de-socies-per-al-pla-estrategic-crac-2026-2030","status":"publish","type":"product","link":"https:\/\/cracpatrimoni.com\/es\/botiga-crac\/presentacio-de-lestudi-quantitatiu-de-socies-per-al-pla-estrategic-crac-2026-2030\/","title":{"rendered":"Presentaci\u00f3 de l\u2019estudi quantitatiu de s\u00f2cies per al Pla Estrat\u00e8gic CRAC 2026-2030"},"content":{"rendered":"<p><strong>Nom de la sessi\u00f3:<\/strong> Pla Estrat\u00e8gic CRAC 2026-2030 Fase I: la visi\u00f3 de les professionals del sector de la conservaci\u00f3-restauraci\u00f3<br \/>\n<strong>Data i Horari:<\/strong> Dijous 29 de gener de 2026, de 16 a 18 h<br \/>\n<strong>Lloc:<\/strong> Palau Marc (La Rambla, 8 \u2013 Barcelona)<br \/>\n<strong>Durada (hores totals):<\/strong> 2 hores<br \/>\n<strong>Modalitat (presencial\/en l\u00ednia):<\/strong> H\u00edbrid<br \/>\n<strong>Objectius:<\/strong><\/p>\n<ul>\n<li>Difusi\u00f3 del Pla Estrat\u00e8gic CRAC 2026-2030<\/li>\n<li>Difondre l\u2019informe dels resultats de l\u2019enquesta a s\u00f2cies de CRAC sobre el Pla Estrat\u00e8gic 2026-2030<\/li>\n<\/ul>\n<p><strong>Docents:<\/strong> Margarida Loran i Merc\u00e8 Gual<br \/>\n<strong>Preu i Inscripcions:<\/strong> Gratu\u00efta per a s\u00f2cies de CRAC i p\u00fablic en general<\/p>\n","protected":false},"excerpt":{"rendered":"<p><strong>Nom de la sessi\u00f3:<\/strong> Pla Estrat\u00e8gic CRAC 2026-2030 Fase I: la visi\u00f3 de les professionals del sector de la conservaci\u00f3-restauraci\u00f3<br \/>\n<strong>Data i Horari:<\/strong> Dijous 29 de gener de 2026, de 16 a 18 h<br \/>\n<strong>Lloc:<\/strong> Palau Marc (La Rambla, 8 \u2013 Barcelona)<\/p>\n","protected":false},"featured_media":0,"template":"","meta":{"_acf_changed":false},"product_brand":[],"product_cat":[89],"product_tag":[],"class_list":{"0":"post-8612","1":"product","2":"type-product","3":"status-publish","5":"product_cat-cursos","7":"first","8":"instock","9":"virtual","10":"purchasable","11":"product-type-simple"},"acf":[],"yoast_head":"<!-- This site is optimized with the Yoast SEO plugin v27.4 - https:\/\/yoast.com\/product\/yoast-seo-wordpress\/ -->\n<title>Presentaci\u00f3 de l\u2019estudi quantitatiu de s\u00f2cies per al Pla Estrat\u00e8gic CRAC 2026-2030 - CRAC<\/title>\n<meta name=\"robots\" content=\"index, follow, max-snippet:-1, max-image-preview:large, max-video-preview:-1\" \/>\n<link rel=\"canonical\" href=\"https:\/\/cracpatrimoni.com\/es\/botiga-crac\/presentacio-de-lestudi-quantitatiu-de-socies-per-al-pla-estrategic-crac-2026-2030\/\" \/>\n<meta property=\"og:locale\" content=\"es_ES\" \/>\n<meta property=\"og:type\" content=\"article\" \/>\n<meta property=\"og:title\" content=\"Presentaci\u00f3 de l\u2019estudi quantitatiu de s\u00f2cies per al Pla Estrat\u00e8gic CRAC 2026-2030 - CRAC\" \/>\n<meta property=\"og:description\" content=\"Nom de la sessi\u00f3: Pla Estrat\u00e8gic CRAC 2026-2030 Fase I: la visi\u00f3 de les professionals del sector de la conservaci\u00f3-restauraci\u00f3 Data i Horari: Dijous 29 de gener de 2026, de 16 a 18 h Lloc: Palau Marc (La Rambla, 8 \u2013 Barcelona)\" \/>\n<meta property=\"og:url\" content=\"https:\/\/cracpatrimoni.com\/es\/botiga-crac\/presentacio-de-lestudi-quantitatiu-de-socies-per-al-pla-estrategic-crac-2026-2030\/\" \/>\n<meta property=\"og:site_name\" content=\"CRAC\" \/>\n<meta property=\"article:modified_time\" content=\"2025-12-02T09:11:48+00:00\" \/>\n<meta name=\"twitter:card\" content=\"summary_large_image\" \/>\n<meta name=\"twitter:label1\" content=\"Tiempo de lectura\" \/>\n\t<meta name=\"twitter:data1\" content=\"1 minuto\" \/>\n<script type=\"application\/ld+json\" class=\"yoast-schema-graph\">{\"@context\":\"https:\\\/\\\/schema.org\",\"@graph\":[{\"@type\":\"WebPage\",\"@id\":\"https:\\\/\\\/cracpatrimoni.com\\\/es\\\/botiga-crac\\\/presentacio-de-lestudi-quantitatiu-de-socies-per-al-pla-estrategic-crac-2026-2030\\\/\",\"url\":\"https:\\\/\\\/cracpatrimoni.com\\\/es\\\/botiga-crac\\\/presentacio-de-lestudi-quantitatiu-de-socies-per-al-pla-estrategic-crac-2026-2030\\\/\",\"name\":\"Presentaci\u00f3 de l\u2019estudi quantitatiu de s\u00f2cies per al Pla Estrat\u00e8gic CRAC 2026-2030 - CRAC\",\"isPartOf\":{\"@id\":\"https:\\\/\\\/cracpatrimoni.com\\\/es\\\/#website\"},\"datePublished\":\"2025-11-24T09:27:33+00:00\",\"dateModified\":\"2025-12-02T09:11:48+00:00\",\"breadcrumb\":{\"@id\":\"https:\\\/\\\/cracpatrimoni.com\\\/es\\\/botiga-crac\\\/presentacio-de-lestudi-quantitatiu-de-socies-per-al-pla-estrategic-crac-2026-2030\\\/#breadcrumb\"},\"inLanguage\":\"es\",\"potentialAction\":[{\"@type\":\"ReadAction\",\"target\":[\"https:\\\/\\\/cracpatrimoni.com\\\/es\\\/botiga-crac\\\/presentacio-de-lestudi-quantitatiu-de-socies-per-al-pla-estrategic-crac-2026-2030\\\/\"]}]},{\"@type\":\"BreadcrumbList\",\"@id\":\"https:\\\/\\\/cracpatrimoni.com\\\/es\\\/botiga-crac\\\/presentacio-de-lestudi-quantitatiu-de-socies-per-al-pla-estrategic-crac-2026-2030\\\/#breadcrumb\",\"itemListElement\":[{\"@type\":\"ListItem\",\"position\":1,\"name\":\"Portada\",\"item\":\"https:\\\/\\\/cracpatrimoni.com\\\/es\\\/\"},{\"@type\":\"ListItem\",\"position\":2,\"name\":\"Tienda CRAC\",\"item\":\"https:\\\/\\\/cracpatrimoni.com\\\/es\\\/tienda-crac\\\/\"},{\"@type\":\"ListItem\",\"position\":3,\"name\":\"Presentaci\u00f3 de l\u2019estudi quantitatiu de s\u00f2cies per al Pla Estrat\u00e8gic CRAC 2026-2030\"}]},{\"@type\":\"WebSite\",\"@id\":\"https:\\\/\\\/cracpatrimoni.com\\\/es\\\/#website\",\"url\":\"https:\\\/\\\/cracpatrimoni.com\\\/es\\\/\",\"name\":\"CRAC\",\"description\":\"Conservadors restauradors associats de Catalunya\",\"publisher\":{\"@id\":\"https:\\\/\\\/cracpatrimoni.com\\\/es\\\/#organization\"},\"potentialAction\":[{\"@type\":\"SearchAction\",\"target\":{\"@type\":\"EntryPoint\",\"urlTemplate\":\"https:\\\/\\\/cracpatrimoni.com\\\/es\\\/?s={search_term_string}\"},\"query-input\":{\"@type\":\"PropertyValueSpecification\",\"valueRequired\":true,\"valueName\":\"search_term_string\"}}],\"inLanguage\":\"es\"},{\"@type\":\"Organization\",\"@id\":\"https:\\\/\\\/cracpatrimoni.com\\\/es\\\/#organization\",\"name\":\"CRAC\",\"url\":\"https:\\\/\\\/cracpatrimoni.com\\\/es\\\/\",\"logo\":{\"@type\":\"ImageObject\",\"inLanguage\":\"es\",\"@id\":\"https:\\\/\\\/cracpatrimoni.com\\\/es\\\/#\\\/schema\\\/logo\\\/image\\\/\",\"url\":\"https:\\\/\\\/cracpatrimoni.com\\\/wp-content\\\/uploads\\\/2022\\\/11\\\/logocrac-1-1.png\",\"contentUrl\":\"https:\\\/\\\/cracpatrimoni.com\\\/wp-content\\\/uploads\\\/2022\\\/11\\\/logocrac-1-1.png\",\"width\":384,\"height\":152,\"caption\":\"CRAC\"},\"image\":{\"@id\":\"https:\\\/\\\/cracpatrimoni.com\\\/es\\\/#\\\/schema\\\/logo\\\/image\\\/\"}}]}<\/script>\n<!-- \/ Yoast SEO plugin. -->","yoast_head_json":{"title":"Presentaci\u00f3 de l\u2019estudi quantitatiu de s\u00f2cies per al Pla Estrat\u00e8gic CRAC 2026-2030 - CRAC","robots":{"index":"index","follow":"follow","max-snippet":"max-snippet:-1","max-image-preview":"max-image-preview:large","max-video-preview":"max-video-preview:-1"},"canonical":"https:\/\/cracpatrimoni.com\/es\/botiga-crac\/presentacio-de-lestudi-quantitatiu-de-socies-per-al-pla-estrategic-crac-2026-2030\/","og_locale":"es_ES","og_type":"article","og_title":"Presentaci\u00f3 de l\u2019estudi quantitatiu de s\u00f2cies per al Pla Estrat\u00e8gic CRAC 2026-2030 - CRAC","og_description":"Nom de la sessi\u00f3: Pla Estrat\u00e8gic CRAC 2026-2030 Fase I: la visi\u00f3 de les professionals del sector de la conservaci\u00f3-restauraci\u00f3 Data i Horari: Dijous 29 de gener de 2026, de 16 a 18 h Lloc: Palau Marc (La Rambla, 8 \u2013 Barcelona)","og_url":"https:\/\/cracpatrimoni.com\/es\/botiga-crac\/presentacio-de-lestudi-quantitatiu-de-socies-per-al-pla-estrategic-crac-2026-2030\/","og_site_name":"CRAC","article_modified_time":"2025-12-02T09:11:48+00:00","twitter_card":"summary_large_image","twitter_misc":{"Tiempo de lectura":"1 minuto"},"schema":{"@context":"https:\/\/schema.org","@graph":[{"@type":"WebPage","@id":"https:\/\/cracpatrimoni.com\/es\/botiga-crac\/presentacio-de-lestudi-quantitatiu-de-socies-per-al-pla-estrategic-crac-2026-2030\/","url":"https:\/\/cracpatrimoni.com\/es\/botiga-crac\/presentacio-de-lestudi-quantitatiu-de-socies-per-al-pla-estrategic-crac-2026-2030\/","name":"Presentaci\u00f3 de l\u2019estudi quantitatiu de s\u00f2cies per al Pla Estrat\u00e8gic CRAC 2026-2030 - CRAC","isPartOf":{"@id":"https:\/\/cracpatrimoni.com\/es\/#website"},"datePublished":"2025-11-24T09:27:33+00:00","dateModified":"2025-12-02T09:11:48+00:00","breadcrumb":{"@id":"https:\/\/cracpatrimoni.com\/es\/botiga-crac\/presentacio-de-lestudi-quantitatiu-de-socies-per-al-pla-estrategic-crac-2026-2030\/#breadcrumb"},"inLanguage":"es","potentialAction":[{"@type":"ReadAction","target":["https:\/\/cracpatrimoni.com\/es\/botiga-crac\/presentacio-de-lestudi-quantitatiu-de-socies-per-al-pla-estrategic-crac-2026-2030\/"]}]},{"@type":"BreadcrumbList","@id":"https:\/\/cracpatrimoni.com\/es\/botiga-crac\/presentacio-de-lestudi-quantitatiu-de-socies-per-al-pla-estrategic-crac-2026-2030\/#breadcrumb","itemListElement":[{"@type":"ListItem","position":1,"name":"Portada","item":"https:\/\/cracpatrimoni.com\/es\/"},{"@type":"ListItem","position":2,"name":"Tienda CRAC","item":"https:\/\/cracpatrimoni.com\/es\/tienda-crac\/"},{"@type":"ListItem","position":3,"name":"Presentaci\u00f3 de l\u2019estudi quantitatiu de s\u00f2cies per al Pla Estrat\u00e8gic CRAC 2026-2030"}]},{"@type":"WebSite","@id":"https:\/\/cracpatrimoni.com\/es\/#website","url":"https:\/\/cracpatrimoni.com\/es\/","name":"CRAC","description":"Conservadors restauradors associats de Catalunya","publisher":{"@id":"https:\/\/cracpatrimoni.com\/es\/#organization"},"potentialAction":[{"@type":"SearchAction","target":{"@type":"EntryPoint","urlTemplate":"https:\/\/cracpatrimoni.com\/es\/?s={search_term_string}"},"query-input":{"@type":"PropertyValueSpecification","valueRequired":true,"valueName":"search_term_string"}}],"inLanguage":"es"},{"@type":"Organization","@id":"https:\/\/cracpatrimoni.com\/es\/#organization","name":"CRAC","url":"https:\/\/cracpatrimoni.com\/es\/","logo":{"@type":"ImageObject","inLanguage":"es","@id":"https:\/\/cracpatrimoni.com\/es\/#\/schema\/logo\/image\/","url":"https:\/\/cracpatrimoni.com\/wp-content\/uploads\/2022\/11\/logocrac-1-1.png","contentUrl":"https:\/\/cracpatrimoni.com\/wp-content\/uploads\/2022\/11\/logocrac-1-1.png","width":384,"height":152,"caption":"CRAC"},"image":{"@id":"https:\/\/cracpatrimoni.com\/es\/#\/schema\/logo\/image\/"}}]}},"_links":{"self":[{"href":"https:\/\/cracpatrimoni.com\/es\/wp-json\/wp\/v2\/product\/8612","targetHints":{"allow":["GET"]}}],"collection":[{"href":"https:\/\/cracpatrimoni.com\/es\/wp-json\/wp\/v2\/product"}],"about":[{"href":"https:\/\/cracpatrimoni.com\/es\/wp-json\/wp\/v2\/types\/product"}],"wp:attachment":[{"href":"https:\/\/cracpatrimoni.com\/es\/wp-json\/wp\/v2\/media?parent=8612"}],"wp:term":[{"taxonomy":"product_brand","embeddable":true,"href":"https:\/\/cracpatrimoni.com\/es\/wp-json\/wp\/v2\/product_brand?post=8612"},{"taxonomy":"product_cat","embeddable":true,"href":"https:\/\/cracpatrimoni.com\/es\/wp-json\/wp\/v2\/product_cat?post=8612"},{"taxonomy":"product_tag","embeddable":true,"href":"https:\/\/cracpatrimoni.com\/es\/wp-json\/wp\/v2\/product_tag?post=8612"}],"curies":[{"name":"wp","href":"https:\/\/api.w.org\/{rel}","templated":true}]}}