{"id":3749,"date":"2022-11-10T12:31:22","date_gmt":"2022-11-10T12:31:22","guid":{"rendered":"http:\/\/cracpatrimoni.com\/politica-de-privacidad\/"},"modified":"2023-01-03T19:20:47","modified_gmt":"2023-01-03T19:20:47","slug":"politica-de-privacidad","status":"publish","type":"page","link":"https:\/\/cracpatrimoni.com\/es\/politica-de-privacidad\/","title":{"rendered":"Pol\u00edtica de privacidad"},"content":{"rendered":"\n<p><strong>POL\u00cdTICA DE PROTECCI\u00d3N DE DATOS-RGPD:<\/strong><\/p>\n\n<p>En la ASOCIACI\u00d3N PROFESIONAL &#8220;CONSERVADORS-RESTAURADORS ASSOCIATS DE CATALUNYA&#8221; (CRAC) nos comprometemos a asegurar que sus datos de car\u00e1cter personal se encuentran protegidos y no se utilizan de forma indebida. Al facilitarnos sus datos personales y utilizar nuestro sitio web, entendemos que ha le\u00eddo y comprendido los t\u00e9rminos relacionados con la informaci\u00f3n de protecci\u00f3n de datos de car\u00e1cter personal que se exponen.<\/p>\n\n<p>&#8220;CONSERVADORS-RESTAURADORS ASSOCIATS DE CATALUNYA&#8221; (CRAC) asume la responsabilidad de cumplir con la legislaci\u00f3n vigente en materia de protecci\u00f3n de datos nacional y europea (Reglamento general de protecci\u00f3n de datos -Reglamento (UE) 2016\/679, de 27 de abril de 2016, RGPD-) y tiene el objetivo de tratar sus datos de manera l\u00edcita, leal y transparente. <\/p>\n\n<p><strong>I. Responsable del tratamiento de sus datos personales.<\/strong><\/p>\n\n<p>CONSERVADORS-RESTAURADORS ASSOCIATS DE CATALUNYA (CRAC)<\/p>\n\n<p>C.I.F.: G-65953317<\/p>\n\n<p>Direcci\u00f3n: Passatge Escudellers, 5. 08002 Barcelona<\/p>\n\n<p>Correo electr\u00f3nico: <a href=\"mailto:info@cracpatrimoni.com\">info@cracpatrimoni.com<\/a><\/p>\n\n<p><strong>II. Finalidades principales del tratamiento de sus datos personales.<\/strong><\/p>\n\n<p>Le informamos que sus datos ser\u00e1n incorporados a un fichero o ficheros, responsabilidad de CRAC, y ser\u00e1n dedicados principalmente a las finalidades relacionada con la gesti\u00f3n de administraci\u00f3n general, mantenimiento, cumplimiento, desarrollo, control y gestionar su relaci\u00f3n con nosotros.<\/p>\n\n<p>Tambi\u00e9n ponemos en su conocimiento que sus datos personales no ser\u00e1n segmentados.<\/p>\n\n<p>Las finalidades para las que se tratar\u00e1n los datos que nos facilite y aquellos que sean obtenidos de su relaci\u00f3n con nosotros ser\u00e1n los siguientes:<\/p>\n\n<ul class=\"wp-block-list\">\n<li>Hacerse socio:<\/li>\n<\/ul>\n\n<p>Sus datos ser\u00e1n utilizados para poderle dar de alta como socio\/a en caso que se cumplan los requisitos que se establecen por CRAC as\u00ed como para el mantenimiento, cumplimiento, desarrollo y control de su condici\u00f3n de socio. El detalle completo de finalidades lo encontrar\u00e1 en el formulario para solicitar su inscripci\u00f3n como socio que aparece en la web de CRAC.<\/p>\n\n<ul class=\"wp-block-list\">\n<li>Contacto:<\/li>\n<\/ul>\n\n<p>Si nos remite un correo electr\u00f3nico a trav\u00e9s de alguna de las direcciones que aparecen de contacto o de los formularios existentes se utilizar\u00e1 para la gesti\u00f3n de su contacto con nosotros, ya sea por una consulta o por cualquier otro motivo.<\/p>\n\n<ul class=\"wp-block-list\">\n<li>Bolsa de trabajo:<\/li>\n<\/ul>\n\n<p>Los datos que nos facilite se utilizar\u00e1n con la finalidad de gesti\u00f3n y selecci\u00f3n de personal. Si en dos meses desde la fecha de recepci\u00f3n no le hemos contestado es que no hemos aceptado su solicitud y ponemos en su conocimiento que conservaremos los datos por un per\u00edodo inferior a dos a\u00f1os por si en el futuro entendemos que encaja dentro de los perfiles que se soliciten.<\/p>\n\n<ul class=\"wp-block-list\">\n<li>Datos de terceros:<\/li>\n<\/ul>\n\n<p>Si usted nos ha facilitado datos personales de un tercero deber\u00e1, con car\u00e1cter previo haberle informado y solicitado su consentimiento de los extremos aqu\u00ed expuestos.<\/p>\n\n<ul class=\"wp-block-list\">\n<li>Datos de ponentes y colaboradores:<\/li>\n<\/ul>\n\n<p>Tratamos estos datos con el fin de mantener, desarrollar y controlar la relaci\u00f3n que pueda establecerse entre las partes, cumplir con las obligaciones legales, y enviar informaci\u00f3n acerca de los servicios, actividades formativas y eventos de inter\u00e9s de la CRAC.<\/p>\n\n<ul class=\"wp-block-list\">\n<li>Redes sociales:<\/li>\n<\/ul>\n\n<p>Ponemos en su conocimiento que estamos presentes en Redes Sociales.<\/p>\n\n<p>El tratamiento de los datos que se realice de las personas que se hagan seguidoras (y\/o realicen cualquier v\u00ednculo o acci\u00f3n de conexi\u00f3n a trav\u00e9s de las Redes Sociales) de las p\u00e1ginas oficiales de CRAC, en las redes sociales, se regir\u00e1 por este apartado, el Aviso Legal de la web de CRAC, as\u00ed como por aquellas Condiciones de uso, pol\u00edticas de privacidad y dem\u00e1s normativas de acceso, uso y similares que pertenezcan a la red social que corresponda, de las que el usuario de las Redes Sociales, ya habr\u00e1 aceptado.<\/p>\n\n<p>CRAC, tratar\u00e1 sus datos con la finalidad de administrar correctamente su presencia en la red social que corresponda, informarlo de actividades, productos o servicios de CRAC, o de terceros que puedan estar relacionados con nuestra actividad, as\u00ed como para cualquier otra finalidad que las normativas de las Redes Sociales puedan permitir.<\/p>\n\n<p>Asimismo, sus datos podr\u00e1n ser comunicados para el cumplimiento de las obligaciones legales u\/o contractuales existentes.<\/p>\n\n<ul class=\"wp-block-list\">\n<li>Datos de cookies:<\/li>\n<\/ul>\n\n<p>En nuestra p\u00e1gina no existen Hiperv\u00ednculos que permitan la comunicaci\u00f3n de sus datos a otras p\u00e1ginas web.<\/p>\n\n<p>En relaci\u00f3n a las cookies consulte nuestra: \u201cPol\u00edtica de cookies\u201d.<\/p>\n\n<p>Podemos utilizar cookies cuando el usuario navega por las diferentes pantallas y p\u00e1ginas de nuestra web con la finalidad de reconocer a los usuarios para poder ofrecerles un mejor servicio y m\u00e1s personalizado. No obstante, a este respecto el usuario podr\u00e1 controlar el nivel de seguridad de su equipo mediante la opci\u00f3n correspondiente que tenga su programa navegador.<\/p>\n\n<p>Adem\u00e1s, la informaci\u00f3n obtenida es totalmente an\u00f3nima, y en ning\u00fan caso puede ser asociada a un usuario concreto ni identificado.<\/p>\n\n<p>En resumen, la finalidad del tratamiento de sus datos personales es: la gesti\u00f3n de las actividades de la CRAC y de sus \u00f3rganos de representaci\u00f3n, gesti\u00f3n de las relaciones jur\u00eddicas y econ\u00f3micas entre CRAC y sus socios, gesti\u00f3n de las relaciones de CRAC con terceras personas, jur\u00eddicas y f\u00edsicas, p\u00fablicas y privadas, la gesti\u00f3n de las actividades de todo tipo que se desarrollen en cumplimiento de los fines de CRAC, as\u00ed como para recibir informaci\u00f3n y publicidad de cursos, formaci\u00f3n, productos y\/o servicios de nuestra entidad y de terceros relacionados con nuestro sector incluso por v\u00eda electr\u00f3nica o similar.<\/p>\n\n<p><strong>III. C\u00f3mo recabamos sus datos personales.<\/strong><\/p>\n\n<p>Informaci\u00f3n que usted nos facilita<\/p>\n\n<p>Recabamos los datos personales que usted nos facilita a trav\u00e9s de nuestra web, mediante formularios o campos a completar y a trav\u00e9s del correo electr\u00f3nico. En el momento de recogida se le informar\u00e1 de nuestra Pol\u00edtica de protecci\u00f3n de datos.<\/p>\n\n<p>Informaci\u00f3n que recabamos de sus visitas en nuestra web<\/p>\n\n<p>Recabamos y almacenamos informaci\u00f3n personal limitada y estad\u00edsticas globales an\u00f3nimas de todos aquellos usuarios que visitan nuestra web, ya sea porque usted nos facilite dicha informaci\u00f3n de forma activa o se encuentre simplemente navegando en nuestra web. Esta informaci\u00f3n se recaba a trav\u00e9s de cookies. Para m\u00e1s informaci\u00f3n consulte la \u201cPol\u00edtica de cookies\u201d.<\/p>\n\n<p><strong>IV. Plazos de conservaci\u00f3n.<\/strong><\/p>\n\n<p>Los datos personales proporcionados se conservar\u00e1n y tratar\u00e1n en la medida que los necesitemos a fin de poder utilizarlos seg\u00fan la finalidad por la que fueron recabados y seg\u00fan la base jur\u00eddica del tratamiento de los mismos de acuerdo con la ley aplicable.<\/p>\n\n<p>Mantendremos sus datos personales mientras exista una relaci\u00f3n o mientras no ejerza su derecho de supresi\u00f3n, cancelaci\u00f3n y\/o limitaci\u00f3n del tratamiento de sus datos. En estos casos, bloquearemos sus datos, sin darle ning\u00fan uso, mientras pueda ser necesaria para el ejercicio o defensa de reclamaciones o pueda derivarse alg\u00fan tipo de responsabilidad judicial, legal o contractual de su tratamiento, que deba ser atendida y para lo cual sea necesaria su recuperaci\u00f3n.<\/p>\n\n<p><strong>V. Legitimaci\u00f3n para el tratamiento de sus datos personales.<\/strong><\/p>\n\n<p>La base legal para el tratamiento de sus datos personales es:<\/p>\n\n<p>&#8211; Por cumplimiento de la relaci\u00f3n con los socios.<\/p>\n\n<p>&#8211; Por el cumplimiento de distintas obligaciones legales.<\/p>\n\n<p>&#8211; Por inter\u00e9s leg\u00edtimo, por ejemplo, por motivos de seguridad, gestionar consultas o solicitudes.<\/p>\n\n<p>&#8211; Con su consentimiento, para el env\u00edo de informaci\u00f3n sobre la asociaci\u00f3n.<\/p>\n\n<p>&#8211; La oferta de servicios est\u00e1 basada en el consentimiento que se le solicita, sin que en ning\u00fan caso la retirada de este consentimiento condicione la ejecuci\u00f3n del contrato o la relaci\u00f3n existente entre las partes.<\/p>\n\n<p><strong>VI. Destinatarios de la comunicaci\u00f3n de datos personales.<\/strong><\/p>\n\n<p>Los datos personales se comunicar\u00e1n cuando sea necesario:<\/p>\n\n<ol class=\"wp-block-list\">\n<li>A la entidad bancaria en la que CRAC tanga la cuenta corriente para la domiciliaci\u00f3n de la cuota de socio\/a.<\/li>\n\n\n\n<li>Las que resulten de la ejecuci\u00f3n de los Estatutos de la Asociaci\u00f3n que declaras conocer i aceptar.<\/li>\n\n\n\n<li>Las cesiones que se realicen bajo cualquier otro supuesto previstas en la legislaci\u00f3n sobre protecci\u00f3n de datos nacional y europea (Reglamento general de protecci\u00f3n de datos &#8211; Reglamento (UE) 2016\/679, de 27 de abril de 2016, RGPD).<\/li>\n\n\n\n<li>La publicaci\u00f3n en la p\u00e1gina web de la Asociaci\u00f3n de su nombre, apellidos y cargo en caso de pertenecer a la junta Directiva.<\/li>\n<\/ol>\n\n<p>CRAC comunica los datos personales a prestadores de servicios que puedan actuar como encargados de tratamiento de datos. Estas terceras empresas solo tienen acceso a los datos personales necesarios para llevar a cabo el servicio. Se les exige que mantengan en confidencialidad su informaci\u00f3n personal y no pueden utilizarla de ninguna otra forma que aquella que les hemos solicitado.<\/p>\n\n<p>CRAC, con el fin de elaborar estad\u00edsticas, podr\u00e1 proporcionar cierta informaci\u00f3n sobre el usuario de forma disociada a terceros.<\/p>\n\n<p><strong>VIII. Sus derechos cuando nos facilita sus datos personales.<\/strong><\/p>\n\n<p>1. \u00bfQu\u00e9 derechos le amparan en relaci\u00f3n al tratamiento de sus datos?<\/p>\n\n<p>&#8211; Derecho a solicitar el acceso a sus datos personales.<\/p>\n\n<p>&#8211; Derecho a solicitar su rectificaci\u00f3n o supresi\u00f3n.<\/p>\n\n<p>&#8211; Derecho a solicitar la limitaci\u00f3n de su tratamiento.<\/p>\n\n<p>&#8211; Derecho a oponerse al tratamiento.<\/p>\n\n<p>&#8211; Derecho a la portabilidad de los datos.<\/p>\n\n<p>&#8211; Derecho a retirar el consentimiento prestado.<\/p>\n\n<p>Acceso\/rectificaci\u00f3n y supresi\u00f3n: las personas interesadas tienen derecho a acceder a sus datos personales, as\u00ed como a solicitar la rectificaci\u00f3n de los datos inexactos o, en su caso, solicitar su supresi\u00f3n cuando, entre otros motivos, los datos ya no sean necesarios para la ejecuci\u00f3n del contrato.<\/p>\n\n<p>Limitaci\u00f3n: en determinadas circunstancias, los interesados podr\u00e1n solicitar la limitaci\u00f3n del tratamiento de sus datos, en cuyo caso \u00fanicamente los conservaremos para el ejercicio o defensa de reclamaciones.<\/p>\n\n<p>Oposici\u00f3n: los interesados podr\u00e1n oponerse al tratamiento de sus datos. CRAC dejar\u00e1 de tratar los datos, salvo por motivos leg\u00edtimos, imperiosos, o el ejercicio o defensa de posibles reclamaciones, y los mantendremos debidamente bloqueados durante el plazo correspondiente mientras persistan las obligaciones legales.<\/p>\n\n<p>Igualmente, el interesado tiene derecho a oponerse a la adopci\u00f3n de decisiones individuales automatizadas que pudieran producir efectos jur\u00eddicos o afectarle significativamente.<\/p>\n\n<p>Portabilidad: las personas interesadas pueden solicitar y recibir los datos que le incumban y que nos haya facilitado o solicitar que se los enviemos a otro responsable del tratamiento de su elecci\u00f3n, en un formato estructurado de uso com\u00fan y lectura mec\u00e1nica.<\/p>\n\n<p>2. \u00bfCu\u00e1ndo responderemos a su solicitud?<\/p>\n\n<p>Responderemos a sus peticiones a la mayor brevedad posible y, en todo caso, en el plazo de un mes desde la recepci\u00f3n de su solicitud. Dicho plazo podr\u00e1 prorrogarse otros dos meses en caso necesario, teniendo en cuenta la complejidad y el n\u00famero de solicitudes. El responsable informar\u00e1 al interesado de la pr\u00f3rroga dentro del primer mes desde la solicitud.<\/p>\n\n<p>3. \u00bfUsted tiene derecho a retirar su consentimiento?<\/p>\n\n<p>El interesado tiene derecho a retirar en cualquier momento el consentimiento prestado, sin que ello afecte a la licitud del tratamiento basado en el consentimiento prestado en el momento de sus suscripciones o aportaci\u00f3n de datos.<\/p>\n\n<p>4. \u00bfD\u00f3nde debe dirigirse para el ejercicio sus derechos?<\/p>\n\n<p>Para el ejercicio de sus derechos, el interesado podr\u00e1 remitir carta con todos sus datos, incluyendo fotocopia de DNI o pasaporte e indicaci\u00f3n del derecho que se ejerce dirigi\u00e9ndose a CONSERVADORS-RESTAURADORS ASSOCIATS DE CATALUNYA (CRAC), Passatge Escudellers, 5. 08002 Barcelona o mediante un correo electr\u00f3nico a <a href=\"mailto:info@cracpatrimoni.com\">info@cracpatrimoni.com<\/a><\/p>\n\n<p>5. \u00bfUsted tiene derecho a reclamar?<\/p>\n\n<p>Cuando no haya obtenido satisfacci\u00f3n en el ejercicio de sus derechos, tiene derecho a presentar reclamaci\u00f3n ante la Autoridad Nacional de Control, a estos efectos debe dirigirse ante la Agencia Espa\u00f1ola de Protecci\u00f3n de Datos.<\/p>\n\n<p><strong>IX. Seguridad.<\/strong><\/p>\n\n<p>CRAC adopta y actualiza sus medidas de seguridad organizativas y t\u00e9cnicas con el fin de que el tratamiento de datos personales que realiza sea conforme con los requisitos de la legislaci\u00f3n vigente en materia de protecci\u00f3n de datos nacional y europea.<\/p>\n\n<p><strong>X. Comunicaciones electr\u00f3nicas.<\/strong><\/p>\n\n<p>En cumplimiento de la <em>Ley 34\/2002, de 11 de julio, de Servicios de la Sociedad de la Informaci\u00f3n y Comercio Electr\u00f3nico<\/em>, le informamos que las direcciones de correo electr\u00f3nico podr\u00e1n ser utilizadas para el env\u00edo de informaci\u00f3n de nuestra organizaci\u00f3n. Si no desea recibir informaci\u00f3n o quiere revocar el consentimiento otorgado para el tratamiento de sus datos rogamos lo haga de la forma arriba indicada o dirigi\u00e9ndose a la siguiente direcci\u00f3n de correo electr\u00f3nico <a href=\"mailto:info@cracpatrimoni.com.\"><\/a><a href=\"mailto:info@cracpatrimoni.com\">info@cracpatrimoni.com<\/a><\/p>\n\n<p><strong>XI. Modificaciones a la presente informaci\u00f3n de protecci\u00f3n de datos.<\/strong><\/p>\n\n<p>CONSERVADORS-RESTAURADORS ASSOCIATS DE CATALUNYA (CRAC) se reserva el derecho de modificar su Pol\u00edtica de Protecci\u00f3n de Datos de acuerdo con la legislaci\u00f3n aplicable en cada momento. Cualquier modificaci\u00f3n de dicha Pol\u00edtica ser\u00e1 publicada en el sitio web.<\/p>\n\n<p>\u00daltima actualizaci\u00f3n: 10 de julio de 2018<\/p>\n","protected":false},"excerpt":{"rendered":"<p>POL\u00cdTICA DE PROTECCI\u00d3N DE DATOS-RGPD: En la ASOCIACI\u00d3N PROFESIONAL &#8220;CONSERVADORS-RESTAURADORS ASSOCIATS DE CATALUNYA&#8221; (CRAC) nos comprometemos a asegurar que sus datos de car\u00e1cter personal se encuentran protegidos y no se utilizan de forma indebida. Al facilitarnos sus datos personales y utilizar nuestro sitio web, entendemos que ha le\u00eddo y comprendido los t\u00e9rminos relacionados con la [&hellip;]<\/p>\n","protected":false},"author":1,"featured_media":0,"parent":0,"menu_order":0,"comment_status":"closed","ping_status":"closed","template":"","meta":{"_acf_changed":false,"footnotes":""},"class_list":["post-3749","page","type-page","status-publish","hentry"],"acf":[],"yoast_head":"<!-- This site is optimized with the Yoast SEO plugin v27.3 - https:\/\/yoast.com\/product\/yoast-seo-wordpress\/ -->\n<title>Pol\u00edtica de privacidad - CRAC<\/title>\n<meta name=\"robots\" content=\"noindex, follow\" \/>\n<meta property=\"og:locale\" content=\"es_ES\" \/>\n<meta property=\"og:type\" content=\"article\" \/>\n<meta property=\"og:title\" content=\"Pol\u00edtica de privacidad - CRAC\" \/>\n<meta property=\"og:description\" content=\"POL\u00cdTICA DE PROTECCI\u00d3N DE DATOS-RGPD: En la ASOCIACI\u00d3N PROFESIONAL &#8220;CONSERVADORS-RESTAURADORS ASSOCIATS DE CATALUNYA&#8221; (CRAC) nos comprometemos a asegurar que sus datos de car\u00e1cter personal se encuentran protegidos y no se utilizan de forma indebida. Al facilitarnos sus datos personales y utilizar nuestro sitio web, entendemos que ha le\u00eddo y comprendido los t\u00e9rminos relacionados con la [&hellip;]\" \/>\n<meta property=\"og:url\" content=\"https:\/\/cracpatrimoni.com\/es\/politica-de-privacidad\/\" \/>\n<meta property=\"og:site_name\" content=\"CRAC\" \/>\n<meta property=\"article:modified_time\" content=\"2023-01-03T19:20:47+00:00\" \/>\n<meta name=\"twitter:card\" content=\"summary_large_image\" \/>\n<meta name=\"twitter:label1\" content=\"Tiempo de lectura\" \/>\n\t<meta name=\"twitter:data1\" content=\"11 minutos\" \/>\n<script type=\"application\/ld+json\" class=\"yoast-schema-graph\">{\"@context\":\"https:\\\/\\\/schema.org\",\"@graph\":[{\"@type\":\"WebPage\",\"@id\":\"https:\\\/\\\/cracpatrimoni.com\\\/es\\\/politica-de-privacidad\\\/\",\"url\":\"https:\\\/\\\/cracpatrimoni.com\\\/es\\\/politica-de-privacidad\\\/\",\"name\":\"Pol\u00edtica de privacidad - CRAC\",\"isPartOf\":{\"@id\":\"https:\\\/\\\/cracpatrimoni.com\\\/es\\\/#website\"},\"datePublished\":\"2022-11-10T12:31:22+00:00\",\"dateModified\":\"2023-01-03T19:20:47+00:00\",\"breadcrumb\":{\"@id\":\"https:\\\/\\\/cracpatrimoni.com\\\/es\\\/politica-de-privacidad\\\/#breadcrumb\"},\"inLanguage\":\"es\",\"potentialAction\":[{\"@type\":\"ReadAction\",\"target\":[\"https:\\\/\\\/cracpatrimoni.com\\\/es\\\/politica-de-privacidad\\\/\"]}]},{\"@type\":\"BreadcrumbList\",\"@id\":\"https:\\\/\\\/cracpatrimoni.com\\\/es\\\/politica-de-privacidad\\\/#breadcrumb\",\"itemListElement\":[{\"@type\":\"ListItem\",\"position\":1,\"name\":\"Portada\",\"item\":\"https:\\\/\\\/cracpatrimoni.com\\\/es\\\/\"},{\"@type\":\"ListItem\",\"position\":2,\"name\":\"Pol\u00edtica de privacidad\"}]},{\"@type\":\"WebSite\",\"@id\":\"https:\\\/\\\/cracpatrimoni.com\\\/es\\\/#website\",\"url\":\"https:\\\/\\\/cracpatrimoni.com\\\/es\\\/\",\"name\":\"CRAC\",\"description\":\"Conservadors restauradors associats de Catalunya\",\"publisher\":{\"@id\":\"https:\\\/\\\/cracpatrimoni.com\\\/es\\\/#organization\"},\"potentialAction\":[{\"@type\":\"SearchAction\",\"target\":{\"@type\":\"EntryPoint\",\"urlTemplate\":\"https:\\\/\\\/cracpatrimoni.com\\\/es\\\/?s={search_term_string}\"},\"query-input\":{\"@type\":\"PropertyValueSpecification\",\"valueRequired\":true,\"valueName\":\"search_term_string\"}}],\"inLanguage\":\"es\"},{\"@type\":\"Organization\",\"@id\":\"https:\\\/\\\/cracpatrimoni.com\\\/es\\\/#organization\",\"name\":\"CRAC\",\"url\":\"https:\\\/\\\/cracpatrimoni.com\\\/es\\\/\",\"logo\":{\"@type\":\"ImageObject\",\"inLanguage\":\"es\",\"@id\":\"https:\\\/\\\/cracpatrimoni.com\\\/es\\\/#\\\/schema\\\/logo\\\/image\\\/\",\"url\":\"https:\\\/\\\/cracpatrimoni.com\\\/wp-content\\\/uploads\\\/2022\\\/11\\\/logocrac-1-1.png\",\"contentUrl\":\"https:\\\/\\\/cracpatrimoni.com\\\/wp-content\\\/uploads\\\/2022\\\/11\\\/logocrac-1-1.png\",\"width\":384,\"height\":152,\"caption\":\"CRAC\"},\"image\":{\"@id\":\"https:\\\/\\\/cracpatrimoni.com\\\/es\\\/#\\\/schema\\\/logo\\\/image\\\/\"}}]}<\/script>\n<!-- \/ Yoast SEO plugin. -->","yoast_head_json":{"title":"Pol\u00edtica de privacidad - CRAC","robots":{"index":"noindex","follow":"follow"},"og_locale":"es_ES","og_type":"article","og_title":"Pol\u00edtica de privacidad - CRAC","og_description":"POL\u00cdTICA DE PROTECCI\u00d3N DE DATOS-RGPD: En la ASOCIACI\u00d3N PROFESIONAL &#8220;CONSERVADORS-RESTAURADORS ASSOCIATS DE CATALUNYA&#8221; (CRAC) nos comprometemos a asegurar que sus datos de car\u00e1cter personal se encuentran protegidos y no se utilizan de forma indebida. Al facilitarnos sus datos personales y utilizar nuestro sitio web, entendemos que ha le\u00eddo y comprendido los t\u00e9rminos relacionados con la [&hellip;]","og_url":"https:\/\/cracpatrimoni.com\/es\/politica-de-privacidad\/","og_site_name":"CRAC","article_modified_time":"2023-01-03T19:20:47+00:00","twitter_card":"summary_large_image","twitter_misc":{"Tiempo de lectura":"11 minutos"},"schema":{"@context":"https:\/\/schema.org","@graph":[{"@type":"WebPage","@id":"https:\/\/cracpatrimoni.com\/es\/politica-de-privacidad\/","url":"https:\/\/cracpatrimoni.com\/es\/politica-de-privacidad\/","name":"Pol\u00edtica de privacidad - CRAC","isPartOf":{"@id":"https:\/\/cracpatrimoni.com\/es\/#website"},"datePublished":"2022-11-10T12:31:22+00:00","dateModified":"2023-01-03T19:20:47+00:00","breadcrumb":{"@id":"https:\/\/cracpatrimoni.com\/es\/politica-de-privacidad\/#breadcrumb"},"inLanguage":"es","potentialAction":[{"@type":"ReadAction","target":["https:\/\/cracpatrimoni.com\/es\/politica-de-privacidad\/"]}]},{"@type":"BreadcrumbList","@id":"https:\/\/cracpatrimoni.com\/es\/politica-de-privacidad\/#breadcrumb","itemListElement":[{"@type":"ListItem","position":1,"name":"Portada","item":"https:\/\/cracpatrimoni.com\/es\/"},{"@type":"ListItem","position":2,"name":"Pol\u00edtica de privacidad"}]},{"@type":"WebSite","@id":"https:\/\/cracpatrimoni.com\/es\/#website","url":"https:\/\/cracpatrimoni.com\/es\/","name":"CRAC","description":"Conservadors restauradors associats de Catalunya","publisher":{"@id":"https:\/\/cracpatrimoni.com\/es\/#organization"},"potentialAction":[{"@type":"SearchAction","target":{"@type":"EntryPoint","urlTemplate":"https:\/\/cracpatrimoni.com\/es\/?s={search_term_string}"},"query-input":{"@type":"PropertyValueSpecification","valueRequired":true,"valueName":"search_term_string"}}],"inLanguage":"es"},{"@type":"Organization","@id":"https:\/\/cracpatrimoni.com\/es\/#organization","name":"CRAC","url":"https:\/\/cracpatrimoni.com\/es\/","logo":{"@type":"ImageObject","inLanguage":"es","@id":"https:\/\/cracpatrimoni.com\/es\/#\/schema\/logo\/image\/","url":"https:\/\/cracpatrimoni.com\/wp-content\/uploads\/2022\/11\/logocrac-1-1.png","contentUrl":"https:\/\/cracpatrimoni.com\/wp-content\/uploads\/2022\/11\/logocrac-1-1.png","width":384,"height":152,"caption":"CRAC"},"image":{"@id":"https:\/\/cracpatrimoni.com\/es\/#\/schema\/logo\/image\/"}}]}},"_links":{"self":[{"href":"https:\/\/cracpatrimoni.com\/es\/wp-json\/wp\/v2\/pages\/3749","targetHints":{"allow":["GET"]}}],"collection":[{"href":"https:\/\/cracpatrimoni.com\/es\/wp-json\/wp\/v2\/pages"}],"about":[{"href":"https:\/\/cracpatrimoni.com\/es\/wp-json\/wp\/v2\/types\/page"}],"author":[{"embeddable":true,"href":"https:\/\/cracpatrimoni.com\/es\/wp-json\/wp\/v2\/users\/1"}],"replies":[{"embeddable":true,"href":"https:\/\/cracpatrimoni.com\/es\/wp-json\/wp\/v2\/comments?post=3749"}],"version-history":[{"count":4,"href":"https:\/\/cracpatrimoni.com\/es\/wp-json\/wp\/v2\/pages\/3749\/revisions"}],"predecessor-version":[{"id":4408,"href":"https:\/\/cracpatrimoni.com\/es\/wp-json\/wp\/v2\/pages\/3749\/revisions\/4408"}],"wp:attachment":[{"href":"https:\/\/cracpatrimoni.com\/es\/wp-json\/wp\/v2\/media?parent=3749"}],"curies":[{"name":"wp","href":"https:\/\/api.w.org\/{rel}","templated":true}]}}