{"id":3748,"date":"2022-11-10T12:37:23","date_gmt":"2022-11-10T12:37:23","guid":{"rendered":"http:\/\/cracpatrimoni.com\/politica-de-cookies\/"},"modified":"2023-01-03T19:06:45","modified_gmt":"2023-01-03T19:06:45","slug":"politica-de-cookies","status":"publish","type":"page","link":"https:\/\/cracpatrimoni.com\/es\/politica-de-cookies\/","title":{"rendered":"Pol\u00edtica de cookies"},"content":{"rendered":"\n<p><strong>Definici\u00f3n y funci\u00f3n de las cookies.<\/strong><\/p>\n\n<p>\u00bfQu\u00e9 son las cookies?<\/p>\n\n<p>Una cookie es un archivo que se descarga en su ordenador al acceder a determinadas p\u00e1ginas web. Las cookies permiten a una p\u00e1gina web, entre otras cosas, almacenar y recuperar informaci\u00f3n sobre los h\u00e1bitos de navegaci\u00f3n de un usuario o de su equipo y, dependiendo de la informaci\u00f3n que contengan y de la forma en que se utilice su equipo, se pueden utilizar para reconocer el usuario.<\/p>\n\n<p><strong>\u00bfQu\u00e9 tipos de cookies utiliza esta p\u00e1gina web?<\/strong><\/p>\n\n<p>Cookies t\u00e9cnicas y cookies de personalizaci\u00f3n: las primeras permiten al usuario la navegaci\u00f3n a trav\u00e9s de la p\u00e1gina web y la utilizaci\u00f3n de los diferentes servicios que existen, y las segundas permiten acceder al usuario al servicio con algunas caracter\u00edsticas de car\u00e1cter general predefinidas.<\/p>\n\n<p>Cookies de an\u00e1lisis: son aquellas que ya sea porque son tratadas por nosotros o por terceros, nos permiten cuantificar el n\u00famero de usuarios y as\u00ed realizar la medici\u00f3n y an\u00e1lisis estad\u00edstico de la utilizaci\u00f3n que hacen los usuarios del servicio ofrecido. Por ello se analiza su navegaci\u00f3n en nuestra p\u00e1gina web con el fin de mejorar la oferta de productos o servicios que le ofrecemos.<\/p>\n\n<p><strong>Forma de desactivar o eliminar cookies.<\/strong><\/p>\n\n<p>Usted puede permitir, bloquear o eliminar las cookies instaladas en su equipo mediante la configuraci\u00f3n de las opciones del navegador instalado en su ordenador.<\/p>\n\n<ul class=\"wp-block-list\">\n<li><strong>Internet Explorer<\/strong> : Barra de herramientas -&gt; Opciones de Internet -&gt; Privacidad -&gt; Configuraci\u00f3n.<\/li>\n<\/ul>\n\n<p>Para m\u00e1s informaci\u00f3n, puede consultar el soporte de Microsoft o la Ayuda del navegador. <\/p>\n\n<ul class=\"wp-block-list\">\n<li><strong>Firefox<\/strong> <strong>:<\/strong> Barra de herramientas -&gt; Opciones -&gt; Privacidad y seguridad -&gt; Historial -&gt; Configuraci\u00f3n Personalizada.<\/li>\n<\/ul>\n\n<p>Para m\u00e1s informaci\u00f3n, puede consultar el soporte de Mozilla o la Ayuda del navegador <\/p>\n\n<ul class=\"wp-block-list\">\n<li><strong>Chrome<\/strong> <strong>:<\/strong> Configuraci\u00f3n -&gt; Configuraci\u00f3n avanzada -&gt; Privacidad y seguridad -&gt; Configuraci\u00f3n del contenido.<\/li>\n<\/ul>\n\n<p>Para m\u00e1s informaci\u00f3n, puede consultar el soporte de Google o la Ayuda del navegador. <\/p>\n\n<ul class=\"wp-block-list\">\n<li><strong>Safari<\/strong> <strong>:<\/strong> Preferencias -&gt; Seguridad.<\/li>\n<\/ul>\n\n<p>Para m\u00e1s informaci\u00f3n, puede consultar el soporte de Apple o la Ayuda del navegador<\/p>\n\n<p>En caso que no acepte las cookies es posible que la p\u00e1gina Web no funcione correctamente.<\/p>\n\n<p><strong>Informaci\u00f3n sobre la identificaci\u00f3n de quien utiliza las cookies.<\/strong><\/p>\n\n<p>La informaci\u00f3n obtenida por las cookies es tratada s\u00f3lo por la ASSOCIACI\u00d3 PROFESSIONAL \u201cCONSERVADORS-RESTAURADORS ASSOCIATS DE CATALUNYA\u201d(CRAC)<\/p>\n","protected":false},"excerpt":{"rendered":"<p>Definici\u00f3n y funci\u00f3n de las cookies. \u00bfQu\u00e9 son las cookies? Una cookie es un archivo que se descarga en su ordenador al acceder a determinadas p\u00e1ginas web. Las cookies permiten a una p\u00e1gina web, entre otras cosas, almacenar y recuperar informaci\u00f3n sobre los h\u00e1bitos de navegaci\u00f3n de un usuario o de su equipo y, dependiendo [&hellip;]<\/p>\n","protected":false},"author":1,"featured_media":0,"parent":0,"menu_order":0,"comment_status":"closed","ping_status":"closed","template":"","meta":{"_acf_changed":false,"footnotes":""},"class_list":["post-3748","page","type-page","status-publish","hentry"],"acf":[],"yoast_head":"<!-- This site is optimized with the Yoast SEO plugin v27.3 - https:\/\/yoast.com\/product\/yoast-seo-wordpress\/ -->\n<title>Pol\u00edtica de cookies - CRAC<\/title>\n<meta name=\"robots\" content=\"noindex, follow\" \/>\n<meta property=\"og:locale\" content=\"es_ES\" \/>\n<meta property=\"og:type\" content=\"article\" \/>\n<meta property=\"og:title\" content=\"Pol\u00edtica de cookies - CRAC\" \/>\n<meta property=\"og:description\" content=\"Definici\u00f3n y funci\u00f3n de las cookies. \u00bfQu\u00e9 son las cookies? Una cookie es un archivo que se descarga en su ordenador al acceder a determinadas p\u00e1ginas web. Las cookies permiten a una p\u00e1gina web, entre otras cosas, almacenar y recuperar informaci\u00f3n sobre los h\u00e1bitos de navegaci\u00f3n de un usuario o de su equipo y, dependiendo [&hellip;]\" \/>\n<meta property=\"og:url\" content=\"https:\/\/cracpatrimoni.com\/es\/politica-de-cookies\/\" \/>\n<meta property=\"og:site_name\" content=\"CRAC\" \/>\n<meta property=\"article:modified_time\" content=\"2023-01-03T19:06:45+00:00\" \/>\n<meta name=\"twitter:card\" content=\"summary_large_image\" \/>\n<meta name=\"twitter:label1\" content=\"Tiempo de lectura\" \/>\n\t<meta name=\"twitter:data1\" content=\"2 minutos\" \/>\n<script type=\"application\/ld+json\" class=\"yoast-schema-graph\">{\"@context\":\"https:\\\/\\\/schema.org\",\"@graph\":[{\"@type\":\"WebPage\",\"@id\":\"https:\\\/\\\/cracpatrimoni.com\\\/es\\\/politica-de-cookies\\\/\",\"url\":\"https:\\\/\\\/cracpatrimoni.com\\\/es\\\/politica-de-cookies\\\/\",\"name\":\"Pol\u00edtica de cookies - CRAC\",\"isPartOf\":{\"@id\":\"https:\\\/\\\/cracpatrimoni.com\\\/es\\\/#website\"},\"datePublished\":\"2022-11-10T12:37:23+00:00\",\"dateModified\":\"2023-01-03T19:06:45+00:00\",\"breadcrumb\":{\"@id\":\"https:\\\/\\\/cracpatrimoni.com\\\/es\\\/politica-de-cookies\\\/#breadcrumb\"},\"inLanguage\":\"es\",\"potentialAction\":[{\"@type\":\"ReadAction\",\"target\":[\"https:\\\/\\\/cracpatrimoni.com\\\/es\\\/politica-de-cookies\\\/\"]}]},{\"@type\":\"BreadcrumbList\",\"@id\":\"https:\\\/\\\/cracpatrimoni.com\\\/es\\\/politica-de-cookies\\\/#breadcrumb\",\"itemListElement\":[{\"@type\":\"ListItem\",\"position\":1,\"name\":\"Portada\",\"item\":\"https:\\\/\\\/cracpatrimoni.com\\\/es\\\/\"},{\"@type\":\"ListItem\",\"position\":2,\"name\":\"Pol\u00edtica de cookies\"}]},{\"@type\":\"WebSite\",\"@id\":\"https:\\\/\\\/cracpatrimoni.com\\\/es\\\/#website\",\"url\":\"https:\\\/\\\/cracpatrimoni.com\\\/es\\\/\",\"name\":\"CRAC\",\"description\":\"Conservadors restauradors associats de Catalunya\",\"publisher\":{\"@id\":\"https:\\\/\\\/cracpatrimoni.com\\\/es\\\/#organization\"},\"potentialAction\":[{\"@type\":\"SearchAction\",\"target\":{\"@type\":\"EntryPoint\",\"urlTemplate\":\"https:\\\/\\\/cracpatrimoni.com\\\/es\\\/?s={search_term_string}\"},\"query-input\":{\"@type\":\"PropertyValueSpecification\",\"valueRequired\":true,\"valueName\":\"search_term_string\"}}],\"inLanguage\":\"es\"},{\"@type\":\"Organization\",\"@id\":\"https:\\\/\\\/cracpatrimoni.com\\\/es\\\/#organization\",\"name\":\"CRAC\",\"url\":\"https:\\\/\\\/cracpatrimoni.com\\\/es\\\/\",\"logo\":{\"@type\":\"ImageObject\",\"inLanguage\":\"es\",\"@id\":\"https:\\\/\\\/cracpatrimoni.com\\\/es\\\/#\\\/schema\\\/logo\\\/image\\\/\",\"url\":\"https:\\\/\\\/cracpatrimoni.com\\\/wp-content\\\/uploads\\\/2022\\\/11\\\/logocrac-1-1.png\",\"contentUrl\":\"https:\\\/\\\/cracpatrimoni.com\\\/wp-content\\\/uploads\\\/2022\\\/11\\\/logocrac-1-1.png\",\"width\":384,\"height\":152,\"caption\":\"CRAC\"},\"image\":{\"@id\":\"https:\\\/\\\/cracpatrimoni.com\\\/es\\\/#\\\/schema\\\/logo\\\/image\\\/\"}}]}<\/script>\n<!-- \/ Yoast SEO plugin. -->","yoast_head_json":{"title":"Pol\u00edtica de cookies - CRAC","robots":{"index":"noindex","follow":"follow"},"og_locale":"es_ES","og_type":"article","og_title":"Pol\u00edtica de cookies - CRAC","og_description":"Definici\u00f3n y funci\u00f3n de las cookies. \u00bfQu\u00e9 son las cookies? Una cookie es un archivo que se descarga en su ordenador al acceder a determinadas p\u00e1ginas web. Las cookies permiten a una p\u00e1gina web, entre otras cosas, almacenar y recuperar informaci\u00f3n sobre los h\u00e1bitos de navegaci\u00f3n de un usuario o de su equipo y, dependiendo [&hellip;]","og_url":"https:\/\/cracpatrimoni.com\/es\/politica-de-cookies\/","og_site_name":"CRAC","article_modified_time":"2023-01-03T19:06:45+00:00","twitter_card":"summary_large_image","twitter_misc":{"Tiempo de lectura":"2 minutos"},"schema":{"@context":"https:\/\/schema.org","@graph":[{"@type":"WebPage","@id":"https:\/\/cracpatrimoni.com\/es\/politica-de-cookies\/","url":"https:\/\/cracpatrimoni.com\/es\/politica-de-cookies\/","name":"Pol\u00edtica de cookies - CRAC","isPartOf":{"@id":"https:\/\/cracpatrimoni.com\/es\/#website"},"datePublished":"2022-11-10T12:37:23+00:00","dateModified":"2023-01-03T19:06:45+00:00","breadcrumb":{"@id":"https:\/\/cracpatrimoni.com\/es\/politica-de-cookies\/#breadcrumb"},"inLanguage":"es","potentialAction":[{"@type":"ReadAction","target":["https:\/\/cracpatrimoni.com\/es\/politica-de-cookies\/"]}]},{"@type":"BreadcrumbList","@id":"https:\/\/cracpatrimoni.com\/es\/politica-de-cookies\/#breadcrumb","itemListElement":[{"@type":"ListItem","position":1,"name":"Portada","item":"https:\/\/cracpatrimoni.com\/es\/"},{"@type":"ListItem","position":2,"name":"Pol\u00edtica de cookies"}]},{"@type":"WebSite","@id":"https:\/\/cracpatrimoni.com\/es\/#website","url":"https:\/\/cracpatrimoni.com\/es\/","name":"CRAC","description":"Conservadors restauradors associats de Catalunya","publisher":{"@id":"https:\/\/cracpatrimoni.com\/es\/#organization"},"potentialAction":[{"@type":"SearchAction","target":{"@type":"EntryPoint","urlTemplate":"https:\/\/cracpatrimoni.com\/es\/?s={search_term_string}"},"query-input":{"@type":"PropertyValueSpecification","valueRequired":true,"valueName":"search_term_string"}}],"inLanguage":"es"},{"@type":"Organization","@id":"https:\/\/cracpatrimoni.com\/es\/#organization","name":"CRAC","url":"https:\/\/cracpatrimoni.com\/es\/","logo":{"@type":"ImageObject","inLanguage":"es","@id":"https:\/\/cracpatrimoni.com\/es\/#\/schema\/logo\/image\/","url":"https:\/\/cracpatrimoni.com\/wp-content\/uploads\/2022\/11\/logocrac-1-1.png","contentUrl":"https:\/\/cracpatrimoni.com\/wp-content\/uploads\/2022\/11\/logocrac-1-1.png","width":384,"height":152,"caption":"CRAC"},"image":{"@id":"https:\/\/cracpatrimoni.com\/es\/#\/schema\/logo\/image\/"}}]}},"_links":{"self":[{"href":"https:\/\/cracpatrimoni.com\/es\/wp-json\/wp\/v2\/pages\/3748","targetHints":{"allow":["GET"]}}],"collection":[{"href":"https:\/\/cracpatrimoni.com\/es\/wp-json\/wp\/v2\/pages"}],"about":[{"href":"https:\/\/cracpatrimoni.com\/es\/wp-json\/wp\/v2\/types\/page"}],"author":[{"embeddable":true,"href":"https:\/\/cracpatrimoni.com\/es\/wp-json\/wp\/v2\/users\/1"}],"replies":[{"embeddable":true,"href":"https:\/\/cracpatrimoni.com\/es\/wp-json\/wp\/v2\/comments?post=3748"}],"version-history":[{"count":2,"href":"https:\/\/cracpatrimoni.com\/es\/wp-json\/wp\/v2\/pages\/3748\/revisions"}],"predecessor-version":[{"id":4404,"href":"https:\/\/cracpatrimoni.com\/es\/wp-json\/wp\/v2\/pages\/3748\/revisions\/4404"}],"wp:attachment":[{"href":"https:\/\/cracpatrimoni.com\/es\/wp-json\/wp\/v2\/media?parent=3748"}],"curies":[{"name":"wp","href":"https:\/\/api.w.org\/{rel}","templated":true}]}}